{"id":5439,"date":"2021-10-13T11:00:22","date_gmt":"2021-10-13T10:00:22","guid":{"rendered":"https:\/\/reboottle.com\/?page_id=5439"},"modified":"2021-10-13T11:00:22","modified_gmt":"2021-10-13T10:00:22","slug":"return-policy","status":"publish","type":"page","link":"https:\/\/reboottle.com\/en\/return-policy\/","title":{"rendered":"Return policy"},"content":{"rendered":"<div class=\"fusion-fullwidth fullwidth-box fusion-builder-row-1 nonhundred-percent-fullwidth non-hundred-percent-height-scrolling\" style=\"--awb-border-radius-top-left:0px;--awb-border-radius-top-right:0px;--awb-border-radius-bottom-right:0px;--awb-border-radius-bottom-left:0px;--awb-flex-wrap:wrap;\" ><div class=\"fusion-builder-row fusion-row\"><div class=\"fusion-layout-column fusion_builder_column fusion-builder-column-0 fusion_builder_column_1_1 1_1 fusion-one-full fusion-column-first fusion-column-last\" style=\"--awb-bg-size:cover;\"><div class=\"fusion-column-wrapper fusion-column-has-shadow fusion-flex-column-wrapper-legacy\"><div class=\"fusion-text fusion-text-1\"><h3>Pol\u00edtica de devoluciones<\/h3>\n<p><strong>Condiciones particulares de venta<\/strong><br \/>\nEl cliente reconoce conocer, en el momento de la realizaci\u00f3n del pedido, las condiciones particulares de venta indicadas en la pantalla (nombre, precio, cantidad, color, detalles de los productos, etc.) y declara expresamente aceptarlas sin reserva alguna. La realizaci\u00f3n del pedido y su confirmaci\u00f3n por parte del cliente materializan la aceptaci\u00f3n plena y completa de las condiciones particulares de venta, solamente aplicables al pedido.<\/p>\n<p><strong>Condiciones de entrega de los pedidos<\/strong><br \/>\nEl cliente elegir\u00e1 el lugar y la fecha de recepci\u00f3n de la mercanc\u00eda en el momento de efectuar el pedido. INTERACTIVO TRES DEVELOPMENT S.L.U. se reserva el derecho a utilizar todos los medios necesarios para realizar la entrega de los productos en la direcci\u00f3n indicada por el cliente. Las entregas se efectuar\u00e1n \u00fanicamente en el territorio de Espa\u00f1a (incluidas las islas de Baleares).<\/p>\n<p><strong>Plazos de entrega<\/strong><br \/>\nLas entregas se efectuar\u00e1n en un plazo m\u00e1ximo de 72 horas en d\u00edas laborables. Si un art\u00edculo no est\u00e1 en stock en el momento de realizar el pedido, se lo haremos saber y le confirmaremos la fecha en que volver\u00e1 a estar disponible o le propondremos un producto sustitutivo equivalente<\/p>\n<p><strong>Gastos de entrega y recepci\u00f3n de los pedidos<\/strong><br \/>\nLos gastos de env\u00edo se cargar\u00e1n siempre que el pedido no exceda de los 50\u20ac.<\/p>\n<p><strong>Empresa de env\u00edo<\/strong><br \/>\nSe trabajar\u00e1 con la empresa de distribuci\u00f3n que mejor pueda dar cobertura a la zona donde el comprador haya designado la entrega.<\/p>\n<p><strong>Devoluciones<\/strong><br \/>\nUna vez nos comunique su deseo de proceder a la devoluci\u00f3n, le confirmaremos la recepci\u00f3n de su mensaje. Le indicaremos la forma de realizar dicha devoluci\u00f3n. Sin esta confirmaci\u00f3n, el producto no ser\u00e1 aceptado y ser\u00e1 devuelto a su origen.<\/p>\n<\/div><div class=\"fusion-clearfix\"><\/div><\/div><\/div><\/div><\/div>\n","protected":false},"excerpt":{"rendered":"","protected":false},"author":4,"featured_media":0,"parent":0,"menu_order":0,"comment_status":"closed","ping_status":"closed","template":"","meta":{"_acf_changed":false,"footnotes":""},"class_list":["post-5439","page","type-page","status-publish","hentry"],"acf":[],"ams_acf":[],"yoast_head":"<!-- This site is optimized with the Yoast SEO plugin v26.2 - https:\/\/yoast.com\/wordpress\/plugins\/seo\/ -->\n<title>Return policy - Reboottle<\/title>\n<meta name=\"robots\" content=\"index, follow, max-snippet:-1, max-image-preview:large, max-video-preview:-1\" \/>\n<link rel=\"canonical\" href=\"https:\/\/reboottle.com\/en\/return-policy\/\" \/>\n<meta property=\"og:locale\" content=\"en_US\" \/>\n<meta property=\"og:type\" content=\"article\" \/>\n<meta property=\"og:title\" content=\"Return policy - Reboottle\" \/>\n<meta property=\"og:url\" content=\"https:\/\/reboottle.com\/en\/return-policy\/\" \/>\n<meta property=\"og:site_name\" content=\"Reboottle\" \/>\n<meta name=\"twitter:card\" content=\"summary_large_image\" \/>\n<meta name=\"twitter:label1\" content=\"Est. reading time\" \/>\n\t<meta name=\"twitter:data1\" content=\"3 minutes\" \/>\n<script type=\"application\/ld+json\" class=\"yoast-schema-graph\">{\"@context\":\"https:\/\/schema.org\",\"@graph\":[{\"@type\":\"WebPage\",\"@id\":\"https:\/\/reboottle.com\/en\/return-policy\/\",\"url\":\"https:\/\/reboottle.com\/en\/return-policy\/\",\"name\":\"Return policy - Reboottle\",\"isPartOf\":{\"@id\":\"https:\/\/reboottle.com\/#website\"},\"datePublished\":\"2021-10-13T10:00:22+00:00\",\"breadcrumb\":{\"@id\":\"https:\/\/reboottle.com\/en\/return-policy\/#breadcrumb\"},\"inLanguage\":\"en-US\",\"potentialAction\":[{\"@type\":\"ReadAction\",\"target\":[\"https:\/\/reboottle.com\/en\/return-policy\/\"]}]},{\"@type\":\"BreadcrumbList\",\"@id\":\"https:\/\/reboottle.com\/en\/return-policy\/#breadcrumb\",\"itemListElement\":[{\"@type\":\"ListItem\",\"position\":1,\"name\":\"Portada\",\"item\":\"https:\/\/reboottle.com\/en\/\"},{\"@type\":\"ListItem\",\"position\":2,\"name\":\"Return policy\"}]},{\"@type\":\"WebSite\",\"@id\":\"https:\/\/reboottle.com\/#website\",\"url\":\"https:\/\/reboottle.com\/\",\"name\":\"Reboottle\",\"description\":\"Tu botella reutilizable y sostenible\",\"publisher\":{\"@id\":\"https:\/\/reboottle.com\/#organization\"},\"alternateName\":\"Botellas reutilizables con triple impacto, social, medioambiental y de gesti\u00f3n\",\"potentialAction\":[{\"@type\":\"SearchAction\",\"target\":{\"@type\":\"EntryPoint\",\"urlTemplate\":\"https:\/\/reboottle.com\/?s={search_term_string}\"},\"query-input\":{\"@type\":\"PropertyValueSpecification\",\"valueRequired\":true,\"valueName\":\"search_term_string\"}}],\"inLanguage\":\"en-US\"},{\"@type\":\"Organization\",\"@id\":\"https:\/\/reboottle.com\/#organization\",\"name\":\"reboottle\",\"url\":\"https:\/\/reboottle.com\/\",\"logo\":{\"@type\":\"ImageObject\",\"inLanguage\":\"en-US\",\"@id\":\"https:\/\/reboottle.com\/#\/schema\/logo\/image\/\",\"url\":\"https:\/\/reboottle.com\/wp-content\/uploads\/2021\/09\/Logo-reboottle.png\",\"contentUrl\":\"https:\/\/reboottle.com\/wp-content\/uploads\/2021\/09\/Logo-reboottle.png\",\"width\":550,\"height\":128,\"caption\":\"reboottle\"},\"image\":{\"@id\":\"https:\/\/reboottle.com\/#\/schema\/logo\/image\/\"}}]}<\/script>\n<!-- \/ Yoast SEO plugin. -->","yoast_head_json":{"title":"Return policy - Reboottle","robots":{"index":"index","follow":"follow","max-snippet":"max-snippet:-1","max-image-preview":"max-image-preview:large","max-video-preview":"max-video-preview:-1"},"canonical":"https:\/\/reboottle.com\/en\/return-policy\/","og_locale":"en_US","og_type":"article","og_title":"Return policy - Reboottle","og_url":"https:\/\/reboottle.com\/en\/return-policy\/","og_site_name":"Reboottle","twitter_card":"summary_large_image","twitter_misc":{"Est. reading time":"3 minutes"},"schema":{"@context":"https:\/\/schema.org","@graph":[{"@type":"WebPage","@id":"https:\/\/reboottle.com\/en\/return-policy\/","url":"https:\/\/reboottle.com\/en\/return-policy\/","name":"Return policy - Reboottle","isPartOf":{"@id":"https:\/\/reboottle.com\/#website"},"datePublished":"2021-10-13T10:00:22+00:00","breadcrumb":{"@id":"https:\/\/reboottle.com\/en\/return-policy\/#breadcrumb"},"inLanguage":"en-US","potentialAction":[{"@type":"ReadAction","target":["https:\/\/reboottle.com\/en\/return-policy\/"]}]},{"@type":"BreadcrumbList","@id":"https:\/\/reboottle.com\/en\/return-policy\/#breadcrumb","itemListElement":[{"@type":"ListItem","position":1,"name":"Portada","item":"https:\/\/reboottle.com\/en\/"},{"@type":"ListItem","position":2,"name":"Return policy"}]},{"@type":"WebSite","@id":"https:\/\/reboottle.com\/#website","url":"https:\/\/reboottle.com\/","name":"Reboottle","description":"Tu botella reutilizable y sostenible","publisher":{"@id":"https:\/\/reboottle.com\/#organization"},"alternateName":"Botellas reutilizables con triple impacto, social, medioambiental y de gesti\u00f3n","potentialAction":[{"@type":"SearchAction","target":{"@type":"EntryPoint","urlTemplate":"https:\/\/reboottle.com\/?s={search_term_string}"},"query-input":{"@type":"PropertyValueSpecification","valueRequired":true,"valueName":"search_term_string"}}],"inLanguage":"en-US"},{"@type":"Organization","@id":"https:\/\/reboottle.com\/#organization","name":"reboottle","url":"https:\/\/reboottle.com\/","logo":{"@type":"ImageObject","inLanguage":"en-US","@id":"https:\/\/reboottle.com\/#\/schema\/logo\/image\/","url":"https:\/\/reboottle.com\/wp-content\/uploads\/2021\/09\/Logo-reboottle.png","contentUrl":"https:\/\/reboottle.com\/wp-content\/uploads\/2021\/09\/Logo-reboottle.png","width":550,"height":128,"caption":"reboottle"},"image":{"@id":"https:\/\/reboottle.com\/#\/schema\/logo\/image\/"}}]}},"_links":{"self":[{"href":"https:\/\/reboottle.com\/en\/wp-json\/wp\/v2\/pages\/5439","targetHints":{"allow":["GET"]}}],"collection":[{"href":"https:\/\/reboottle.com\/en\/wp-json\/wp\/v2\/pages"}],"about":[{"href":"https:\/\/reboottle.com\/en\/wp-json\/wp\/v2\/types\/page"}],"author":[{"embeddable":true,"href":"https:\/\/reboottle.com\/en\/wp-json\/wp\/v2\/users\/4"}],"replies":[{"embeddable":true,"href":"https:\/\/reboottle.com\/en\/wp-json\/wp\/v2\/comments?post=5439"}],"version-history":[{"count":1,"href":"https:\/\/reboottle.com\/en\/wp-json\/wp\/v2\/pages\/5439\/revisions"}],"predecessor-version":[{"id":5440,"href":"https:\/\/reboottle.com\/en\/wp-json\/wp\/v2\/pages\/5439\/revisions\/5440"}],"wp:attachment":[{"href":"https:\/\/reboottle.com\/en\/wp-json\/wp\/v2\/media?parent=5439"}],"curies":[{"name":"wp","href":"https:\/\/api.w.org\/{rel}","templated":true}]}}